{"id":479,"date":"2024-04-24T10:59:37","date_gmt":"2024-04-24T10:59:37","guid":{"rendered":"https:\/\/parrishlg.com\/?page_id=479"},"modified":"2024-04-24T11:03:42","modified_gmt":"2024-04-24T11:03:42","slug":"assault-battery","status":"publish","type":"page","link":"https:\/\/parrishlg.com\/es\/assault-battery\/","title":{"rendered":"agresi\u00f3n y asalto"},"content":{"rendered":"<p>[et_pb_section fb_built=&#8221;1&#8243; custom_padding_last_edited=&#8221;on|phone&#8221; next_background_color=&#8221;#ffffff&#8221; _builder_version=&#8221;4.24.2&#8243; _module_preset=&#8221;default&#8221; background_color=&#8221;#081023&#8243; use_background_color_gradient=&#8221;on&#8221; background_color_gradient_direction=&#8221;90deg&#8221; background_color_gradient_stops=&#8221;rgba(0,0,0,0.81) 0%|rgba(0,0,0,0.87) 100%&#8221; background_color_gradient_overlays_image=&#8221;on&#8221; background_image=&#8221;https:\/\/parrishlg.com\/wp-content\/uploads\/2024\/03\/432743-1.jpg&#8221; custom_padding=&#8221;130px||170px||false|false&#8221; custom_padding_tablet=&#8221;60px||95px||false|false&#8221; custom_padding_phone=&#8221;40px||55px||false|false&#8221; bottom_divider_style=&#8221;triangle&#8221; bottom_divider_height=&#8221;27px&#8221; global_colors_info=&#8221;{}&#8221; theme_builder_area=&#8221;post_content&#8221;][et_pb_row _builder_version=&#8221;4.23.1&#8243; _module_preset=&#8221;default&#8221; global_colors_info=&#8221;{}&#8221; theme_builder_area=&#8221;post_content&#8221;][et_pb_column type=&#8221;4_4&#8243; _builder_version=&#8221;4.23.1&#8243; _module_preset=&#8221;default&#8221; global_colors_info=&#8221;{}&#8221; theme_builder_area=&#8221;post_content&#8221;][et_pb_text _builder_version=&#8221;4.24.2&#8243; _module_preset=&#8221;default&#8221; header_font=&#8221;|800||on|||||&#8221; header_font_size=&#8221;80px&#8221; text_orientation=&#8221;center&#8221; background_layout=&#8221;dark&#8221; custom_margin=&#8221;||-64px||false|false&#8221; hover_enabled=&#8221;0&#8243; header_font_size_tablet=&#8221;55px&#8221; header_font_size_phone=&#8221;45px&#8221; header_font_size_last_edited=&#8221;on|phone&#8221; global_colors_info=&#8221;{}&#8221; theme_builder_area=&#8221;post_content&#8221; sticky_enabled=&#8221;0&#8243;]<\/p>\n<h1>Agresi\u00f3n y asalto<br \/>\n<\/h1>\n<p>[\/et_pb_text][et_pb_text _builder_version=&#8221;4.24.2&#8243; _module_preset=&#8221;default&#8221; text_font=&#8221;|800|||||||&#8221; text_text_color=&#8221;RGBA(255,255,255,0)&#8221; text_font_size=&#8221;150px&#8221; text_orientation=&#8221;center&#8221; filter_opacity=&#8221;9%&#8221; text_font_size_tablet=&#8221;136px&#8221; text_font_size_phone=&#8221;68px&#8221; text_font_size_last_edited=&#8221;on|phone&#8221; global_colors_info=&#8221;{}&#8221; theme_builder_area=&#8221;post_content&#8221;]<\/p>\n<p><span style=\"-webkit-text-stroke: 1px #fff;\">DELINCUENTE <\/span><\/p>\n<p>[\/et_pb_text][\/et_pb_column][\/et_pb_row][\/et_pb_section][et_pb_section fb_built=&#8221;1&#8243; _builder_version=&#8221;4.23.1&#8243; _module_preset=&#8221;default&#8221; custom_padding=&#8221;100px||100px||false|false&#8221; global_colors_info=&#8221;{}&#8221; theme_builder_area=&#8221;post_content&#8221;][et_pb_row column_structure=&#8221;1_2,1_2&#8243; make_equal=&#8221;on&#8221; _builder_version=&#8221;4.24.2&#8243; _module_preset=&#8221;default&#8221; max_width=&#8221;2560px&#8221; hover_enabled=&#8221;0&#8243; global_colors_info=&#8221;{}&#8221; theme_builder_area=&#8221;post_content&#8221; sticky_enabled=&#8221;0&#8243;][et_pb_column type=&#8221;1_2&#8243; _builder_version=&#8221;4.24.2&#8243; _module_preset=&#8221;default&#8221; custom_padding_tablet=&#8221;0px||0px||true|false&#8221; custom_padding_phone=&#8221;0px||0px||true|false&#8221; custom_padding_last_edited=&#8221;off|desktop&#8221; hover_enabled=&#8221;0&#8243; global_colors_info=&#8221;{}&#8221; theme_builder_area=&#8221;post_content&#8221; sticky_enabled=&#8221;0&#8243;][et_pb_text _builder_version=&#8221;4.24.2&#8243; _module_preset=&#8221;default&#8221; header_2_font=&#8221;|800||on|||||&#8221; header_2_font_size=&#8221;48px&#8221; hover_enabled=&#8221;0&#8243; header_2_font_size_tablet=&#8221;40px&#8221; header_2_font_size_phone=&#8221;30px&#8221; header_2_font_size_last_edited=&#8221;on|phone&#8221; locked=&#8221;off&#8221; global_colors_info=&#8221;{}&#8221; theme_builder_area=&#8221;post_content&#8221; sticky_enabled=&#8221;0&#8243;]<\/p>\n<h2>Agresi\u00f3n y asalto<br \/>\n<\/h2>\n<p>[\/et_pb_text][et_pb_text _builder_version=&#8221;4.24.2&#8243; _module_preset=&#8221;default&#8221; text_font=&#8221;||||||||&#8221; text_text_color=&#8221;#081023&#8243; text_font_size=&#8221;17px&#8221; text_line_height=&#8221;1.5em&#8221; background_layout=&#8221;dark&#8221; width=&#8221;97%&#8221; hover_enabled=&#8221;0&#8243; global_colors_info=&#8221;{}&#8221; theme_builder_area=&#8221;post_content&#8221; sticky_enabled=&#8221;0&#8243; custom_margin=&#8221;||30px||false|false&#8221;]<\/p>\n<p>Las leyes penales de Oklahoma est\u00e1n dise\u00f1adas para castigar a los perpetradores.  Desafortunadamente, las leyes no siempre se aplican de la manera en que fueron concebidas. A veces, no se acusa al agresor, sino que se acusa de un delito a la v\u00edctima que intentaba protegerse a s\u00ed misma o a los dem\u00e1s.<\/p>\n<p>Las leyes de Oklahoma establecen diversos grados de agresi\u00f3n y agresi\u00f3n, que incluyen:<\/p>\n<p>[\/et_pb_text][et_pb_blurb title=&#8221;Simple assault and battery;&#8221; _builder_version=&#8221;4.24.2&#8243; _module_preset=&#8221;default&#8221; theme_builder_area=&#8221;post_content&#8221; use_icon=&#8221;on&#8221; font_icon=&#8221;&#x24;||divi||400&#8243; icon_placement=&#8221;left&#8221; icon_color=&#8221;#3d86ff&#8221; header_line_height=&#8221;1.8em&#8221; content_max_width=&#8221;1100px&#8221; hover_enabled=&#8221;0&#8243; sticky_enabled=&#8221;0&#8243; custom_margin=&#8221;||0px||false|false&#8221;][\/et_pb_blurb][et_pb_blurb title=&#8221;Domestic assault and battery;&#8221; _builder_version=&#8221;4.24.2&#8243; _module_preset=&#8221;default&#8221; theme_builder_area=&#8221;post_content&#8221; use_icon=&#8221;on&#8221; font_icon=&#8221;&#x24;||divi||400&#8243; icon_placement=&#8221;left&#8221; icon_color=&#8221;#3d86ff&#8221; header_line_height=&#8221;1.8em&#8221; content_max_width=&#8221;1100px&#8221; hover_enabled=&#8221;0&#8243; sticky_enabled=&#8221;0&#8243; custom_margin=&#8221;||0px||false|false&#8221;][\/et_pb_blurb][et_pb_blurb title=&#8221;Aggravated assault and battery;&#8221; _builder_version=&#8221;4.24.2&#8243; _module_preset=&#8221;default&#8221; theme_builder_area=&#8221;post_content&#8221; use_icon=&#8221;on&#8221; font_icon=&#8221;&#x24;||divi||400&#8243; icon_placement=&#8221;left&#8221; icon_color=&#8221;#3d86ff&#8221; header_line_height=&#8221;1.8em&#8221; content_max_width=&#8221;1100px&#8221; hover_enabled=&#8221;0&#8243; sticky_enabled=&#8221;0&#8243; custom_margin=&#8221;||0px||false|false&#8221;][\/et_pb_blurb][et_pb_blurb title=&#8221;Assault and battery with a dangerous weapon; and&#8221; _builder_version=&#8221;4.24.2&#8243; _module_preset=&#8221;default&#8221; theme_builder_area=&#8221;post_content&#8221; use_icon=&#8221;on&#8221; font_icon=&#8221;&#x24;||divi||400&#8243; icon_placement=&#8221;left&#8221; icon_color=&#8221;#3d86ff&#8221; header_line_height=&#8221;1.8em&#8221; content_max_width=&#8221;1100px&#8221; hover_enabled=&#8221;0&#8243; sticky_enabled=&#8221;0&#8243; custom_margin=&#8221;||0px||false|false&#8221;][\/et_pb_blurb][et_pb_blurb title=&#8221;Assault and battery with a deadly weapon.  &#8221; _builder_version=&#8221;4.24.2&#8243; _module_preset=&#8221;default&#8221; theme_builder_area=&#8221;post_content&#8221; use_icon=&#8221;on&#8221; font_icon=&#8221;&#x24;||divi||400&#8243; icon_placement=&#8221;left&#8221; icon_color=&#8221;#3d86ff&#8221; header_line_height=&#8221;1.8em&#8221; content_max_width=&#8221;1100px&#8221; hover_enabled=&#8221;0&#8243; sticky_enabled=&#8221;0&#8243; custom_margin=&#8221;||18px||false|false&#8221;][\/et_pb_blurb][et_pb_text _builder_version=&#8221;4.24.2&#8243; _module_preset=&#8221;default&#8221; text_font=&#8221;||||||||&#8221; text_text_color=&#8221;#081023&#8243; text_font_size=&#8221;17px&#8221; text_line_height=&#8221;1.5em&#8221; background_layout=&#8221;dark&#8221; width=&#8221;97%&#8221; hover_enabled=&#8221;0&#8243; global_colors_info=&#8221;{}&#8221; theme_builder_area=&#8221;post_content&#8221; sticky_enabled=&#8221;0&#8243; custom_margin=&#8221;||30px||false|false&#8221;]Assault is the willful and unlawful attempt to do corporal harm to another.  Battery is the willful and unlawful use of force upon another.<\/p>\n<p>Por ejemplo, una pelea t\u00edpica entre dos individuos es un delito menor, que conlleva una pena de hasta noventa (90) d\u00edas de prisi\u00f3n y una multa de hasta $1,000.00.  <\/p>\n<p>El asalto y agresi\u00f3n con un arma peligrosa es un delito grave, punible con prisi\u00f3n de hasta diez (10) a\u00f1os de prisi\u00f3n, as\u00ed como con la imposici\u00f3n de una multa monetaria.  <\/p>\n<p>Si ha sido acusado de cualquier forma de agresi\u00f3n y agresi\u00f3n (delito grave o menor), comun\u00edquese de inmediato con los abogados del derecho penale de Oklahoma de Parrish Law Group para evitar una sentencia grave y pelear sus derechos.<br \/>\n[\/et_pb_text][\/et_pb_column][et_pb_column type=&#8221;1_2&#8243; _builder_version=&#8221;4.24.2&#8243; _module_preset=&#8221;default&#8221; background_image=&#8221;https:\/\/parrishlg.com\/wp-content\/uploads\/2024\/03\/06315-1.jpg&#8221; background_position=&#8221;center_right&#8221; background_horizontal_offset=&#8221;34%&#8221; hover_enabled=&#8221;0&#8243; border_radii=&#8221;on|22px|22px|22px|22px&#8221; global_colors_info=&#8221;{}&#8221; theme_builder_area=&#8221;post_content&#8221; sticky_enabled=&#8221;0&#8243;][et_pb_image src=&#8221;https:\/\/parrishlg.com\/wp-content\/uploads\/2024\/03\/06315-1.jpg&#8221; disabled_on=&#8221;off|off|on&#8221; _builder_version=&#8221;4.24.2&#8243; _module_preset=&#8221;default&#8221; hover_enabled=&#8221;0&#8243; global_colors_info=&#8221;{}&#8221; theme_builder_area=&#8221;post_content&#8221; sticky_enabled=&#8221;0&#8243;][\/et_pb_image][\/et_pb_column][\/et_pb_row][\/et_pb_section][et_pb_section fb_built=&#8221;1&#8243; custom_padding_last_edited=&#8221;on|tablet&#8221; _builder_version=&#8221;4.24.2&#8243; _module_preset=&#8221;default&#8221; background_color=&#8221;#f6f7fa&#8221; use_background_color_gradient=&#8221;on&#8221; background_color_gradient_stops=&#8221;#f6f7fa 49%|rgba(41,196,169,0) 100%&#8221; background_color_gradient_overlays_image=&#8221;on&#8221; background_image=&#8221;http:\/\/vu.com.pk\/Jankan\/wp-content\/uploads\/2024\/01\/New-Project.png&#8221; parallax=&#8221;on&#8221; custom_padding=&#8221;100px||100px||false|false&#8221; custom_padding_tablet=&#8221;60px||60px||true|false&#8221; custom_padding_phone=&#8221;60px||60px||true|false&#8221; locked=&#8221;off&#8221; global_colors_info=&#8221;{}&#8221; theme_builder_area=&#8221;post_content&#8221;][et_pb_row make_equal=&#8221;on&#8221; _builder_version=&#8221;4.24.2&#8243; _module_preset=&#8221;default&#8221; global_colors_info=&#8221;{}&#8221; theme_builder_area=&#8221;post_content&#8221;][et_pb_column type=&#8221;4_4&#8243; _builder_version=&#8221;4.24.2&#8243; _module_preset=&#8221;default&#8221; custom_padding=&#8221;0px||0px||true|false&#8221; custom_padding_tablet=&#8221;0px||0px||true|false&#8221; custom_padding_phone=&#8221;0px||0px||true|false&#8221; custom_padding_last_edited=&#8221;off|desktop&#8221; global_colors_info=&#8221;{}&#8221; theme_builder_area=&#8221;post_content&#8221;][et_pb_text _builder_version=&#8221;4.24.2&#8243; _module_preset=&#8221;default&#8221; header_2_font=&#8221;|800||on|||||&#8221; header_2_font_size=&#8221;48px&#8221; header_2_font_size_tablet=&#8221;40px&#8221; header_2_font_size_phone=&#8221;30px&#8221; header_2_font_size_last_edited=&#8221;on|phone&#8221; locked=&#8221;off&#8221; global_colors_info=&#8221;{}&#8221; theme_builder_area=&#8221;post_content&#8221;]<\/p>\n<h2>Programe una consulta <\/h2>\n<p>[\/et_pb_text][et_pb_text _builder_version=&#8221;4.24.2&#8243; _module_preset=&#8221;default&#8221; text_font=&#8221;|600|||||||&#8221; text_text_color=&#8221;#081023&#8243; text_font_size=&#8221;17px&#8221; text_line_height=&#8221;1.5em&#8221; background_layout=&#8221;dark&#8221; width=&#8221;97%&#8221; locked=&#8221;off&#8221; global_colors_info=&#8221;{}&#8221; theme_builder_area=&#8221;post_content&#8221;]<\/p>\n<p>Si usted o un ser querido necisita un abogado o est\u00e1 en b\u00fasqueda de consejo legal, es importante actuar con prontitud. Comun\u00edquese con nosotros para programar una consulta donde podamos discutir su caso, responder a sus preguntas y establecer una estrategia legal. Nuestro objetivo es aliviar sus inquietudes, guiarlo a trav\u00e9s del proceso legal y estar a su lado como un firme representante. En Parrish Law Group, estamos comprometidos a preserver sus derechos y buscar justicia. Cont\u00e1ctenos hoy.<\/p>\n<p>[\/et_pb_text][et_pb_button button_url=&#8221;@ET-DC@eyJkeW5hbWljIjp0cnVlLCJjb250ZW50IjoicG9zdF9saW5rX3VybF9wYWdlIiwic2V0dGluZ3MiOnsicG9zdF9pZCI6IjIxIn19@&#8221; button_text=&#8221;Let&#8217;s Get Started&#8221; _builder_version=&#8221;4.24.2&#8243; _dynamic_attributes=&#8221;button_url&#8221; _module_preset=&#8221;default&#8221; custom_button=&#8221;on&#8221; button_text_size=&#8221;18px&#8221; button_text_color=&#8221;#000000&#8243; button_bg_color=&#8221;RGBA(255,255,255,0)&#8221; button_border_width=&#8221;2px&#8221; button_border_color=&#8221;#000000&#8243; button_font=&#8221;|600||on|||||&#8221; custom_padding=&#8221;12px|46px|12px|46px|true|true&#8221; button_text_size_tablet=&#8221;16px&#8221; button_text_size_phone=&#8221;15px&#8221; button_text_size_last_edited=&#8221;on|phone&#8221; locked=&#8221;off&#8221; global_colors_info=&#8221;{}&#8221; button_bg_color__hover_enabled=&#8221;on|hover&#8221; button_bg_color__hover=&#8221;#223e77&#8243; button_bg_enable_color__hover=&#8221;on&#8221; button_text_color__hover_enabled=&#8221;on|desktop&#8221; button_text_color__hover=&#8221;#FFFFFF&#8221; button_border_color__hover_enabled=&#8221;on|hover&#8221; button_border_color__hover=&#8221;#223e77&#8243; theme_builder_area=&#8221;post_content&#8221;][\/et_pb_button][\/et_pb_column][\/et_pb_row][\/et_pb_section][et_pb_section fb_built=&#8221;1&#8243; _builder_version=&#8221;4.24.2&#8243; _module_preset=&#8221;default&#8221; background_color=&#8221;#f6f7fa&#8221; custom_padding=&#8221;0px||0px||true|false&#8221; global_module=&#8221;397&#8243; saved_tabs=&#8221;all&#8221; global_colors_info=&#8221;{}&#8221; theme_builder_area=&#8221;post_content&#8221;][et_pb_row column_structure=&#8221;1_5,1_5,1_5,1_5,1_5&#8243; use_custom_gutter=&#8221;on&#8221; gutter_width=&#8221;1&#8243; _builder_version=&#8221;4.24.2&#8243; _module_preset=&#8221;default&#8221; width=&#8221;100%&#8221; width_tablet=&#8221;85%&#8221; width_phone=&#8221;60%&#8221; width_last_edited=&#8221;on|phone&#8221; max_width=&#8221;2560px&#8221; global_colors_info=&#8221;{}&#8221; theme_builder_area=&#8221;post_content&#8221;][et_pb_column type=&#8221;1_5&#8243; _builder_version=&#8221;4.24.2&#8243; _module_preset=&#8221;default&#8221; custom_padding_tablet=&#8221;0px||30px||false|false&#8221; custom_padding_phone=&#8221;0px||30px||false|false&#8221; custom_padding_last_edited=&#8221;on|tablet&#8221; global_colors_info=&#8221;{}&#8221; theme_builder_area=&#8221;post_content&#8221;][et_pb_image src=&#8221;https:\/\/parrishlg.com\/wp-content\/uploads\/2024\/03\/oba-logo-1.png&#8221; align=&#8221;center&#8221; _builder_version=&#8221;4.24.2&#8243; _module_preset=&#8221;default&#8221; width=&#8221;37%&#8221; width_tablet=&#8221;38%&#8221; width_phone=&#8221;42%&#8221; width_last_edited=&#8221;on|phone&#8221; global_colors_info=&#8221;{}&#8221; theme_builder_area=&#8221;post_content&#8221;][\/et_pb_image][\/et_pb_column][et_pb_column type=&#8221;1_5&#8243; _builder_version=&#8221;4.24.2&#8243; _module_preset=&#8221;default&#8221; custom_padding_tablet=&#8221;0px||30px||false|false&#8221; custom_padding_phone=&#8221;0px||30px||false|false&#8221; custom_padding_last_edited=&#8221;on|tablet&#8221; global_colors_info=&#8221;{}&#8221; theme_builder_area=&#8221;post_content&#8221;][et_pb_image src=&#8221;https:\/\/parrishlg.com\/wp-content\/uploads\/2024\/03\/81740336078662-2-1.png&#8221; align=&#8221;center&#8221; _builder_version=&#8221;4.24.2&#8243; _module_preset=&#8221;default&#8221; width=&#8221;33%&#8221; width_tablet=&#8221;38%&#8221; width_phone=&#8221;42%&#8221; width_last_edited=&#8221;on|phone&#8221; global_colors_info=&#8221;{}&#8221; theme_builder_area=&#8221;post_content&#8221;][\/et_pb_image][\/et_pb_column][et_pb_column type=&#8221;1_5&#8243; _builder_version=&#8221;4.24.2&#8243; _module_preset=&#8221;default&#8221; custom_padding_tablet=&#8221;||30px||false|false&#8221; custom_padding_phone=&#8221;||30px||false|false&#8221; custom_padding_last_edited=&#8221;on|tablet&#8221; global_colors_info=&#8221;{}&#8221; theme_builder_area=&#8221;post_content&#8221;][et_pb_image src=&#8221;https:\/\/parrishlg.com\/wp-content\/uploads\/2024\/03\/ABA_Member2024-1.png&#8221; align=&#8221;center&#8221; _builder_version=&#8221;4.24.2&#8243; _module_preset=&#8221;default&#8221; width=&#8221;57%&#8221; width_tablet=&#8221;95%&#8221; width_phone=&#8221;87%&#8221; width_last_edited=&#8221;on|phone&#8221; custom_margin=&#8221;10px||||false|false&#8221; global_colors_info=&#8221;{}&#8221; theme_builder_area=&#8221;post_content&#8221;][\/et_pb_image][\/et_pb_column][et_pb_column type=&#8221;1_5&#8243; _builder_version=&#8221;4.24.2&#8243; _module_preset=&#8221;default&#8221; custom_padding_tablet=&#8221;||30px||false|false&#8221; custom_padding_phone=&#8221;||30px||false|false&#8221; custom_padding_last_edited=&#8221;on|phone&#8221; global_colors_info=&#8221;{}&#8221; theme_builder_area=&#8221;post_content&#8221;][et_pb_image src=&#8221;https:\/\/parrishlg.com\/wp-content\/uploads\/2024\/03\/getbadge-1-1.png&#8221; align=&#8221;center&#8221; _builder_version=&#8221;4.24.2&#8243; _module_preset=&#8221;default&#8221; width=&#8221;31%&#8221; width_tablet=&#8221;43%&#8221; width_phone=&#8221;39%&#8221; width_last_edited=&#8221;on|phone&#8221; global_colors_info=&#8221;{}&#8221; theme_builder_area=&#8221;post_content&#8221;][\/et_pb_image][\/et_pb_column][et_pb_column type=&#8221;1_5&#8243; _builder_version=&#8221;4.24.2&#8243; _module_preset=&#8221;default&#8221; global_colors_info=&#8221;{}&#8221; theme_builder_area=&#8221;post_content&#8221;][et_pb_image src=&#8221;https:\/\/parrishlg.com\/wp-content\/uploads\/2024\/03\/Tulsa-County-1.png&#8221; align=&#8221;center&#8221; _builder_version=&#8221;4.24.2&#8243; _module_preset=&#8221;default&#8221; width=&#8221;30%&#8221; width_tablet=&#8221;40%&#8221; width_phone=&#8221;36%&#8221; width_last_edited=&#8221;on|phone&#8221; global_colors_info=&#8221;{}&#8221; theme_builder_area=&#8221;post_content&#8221;][\/et_pb_image][\/et_pb_column][\/et_pb_row][\/et_pb_section]<\/p>","protected":false},"excerpt":{"rendered":"<p>Assault &#038; Battery CRIMINAL Assault &#038; Battery Oklahoma laws criminal laws are designed to punish perpetrators. Unfortunately, laws are not always enforced the way they were intended to be when they were written. Sometimes the aggressor is not charged with a crime, rather the victim that was attempting to protect themselves or others is charged [&hellip;]<\/p>","protected":false},"author":1,"featured_media":0,"parent":0,"menu_order":0,"comment_status":"closed","ping_status":"closed","template":"","meta":{"_et_pb_use_builder":"on","_et_pb_old_content":"<!-- wp:divi\/placeholder \/-->","_et_gb_content_width":"","footnotes":""},"class_list":["post-479","page","type-page","status-publish","hentry"],"_links":{"self":[{"href":"https:\/\/parrishlg.com\/es\/wp-json\/wp\/v2\/pages\/479"}],"collection":[{"href":"https:\/\/parrishlg.com\/es\/wp-json\/wp\/v2\/pages"}],"about":[{"href":"https:\/\/parrishlg.com\/es\/wp-json\/wp\/v2\/types\/page"}],"author":[{"embeddable":true,"href":"https:\/\/parrishlg.com\/es\/wp-json\/wp\/v2\/users\/1"}],"replies":[{"embeddable":true,"href":"https:\/\/parrishlg.com\/es\/wp-json\/wp\/v2\/comments?post=479"}],"version-history":[{"count":3,"href":"https:\/\/parrishlg.com\/es\/wp-json\/wp\/v2\/pages\/479\/revisions"}],"predecessor-version":[{"id":483,"href":"https:\/\/parrishlg.com\/es\/wp-json\/wp\/v2\/pages\/479\/revisions\/483"}],"wp:attachment":[{"href":"https:\/\/parrishlg.com\/es\/wp-json\/wp\/v2\/media?parent=479"}],"curies":[{"name":"wp","href":"https:\/\/api.w.org\/{rel}","templated":true}]}}