{"id":228,"date":"2024-03-21T08:01:25","date_gmt":"2024-03-21T08:01:25","guid":{"rendered":"https:\/\/parrishlg.com\/?page_id=228"},"modified":"2024-05-02T05:23:31","modified_gmt":"2024-05-02T05:23:31","slug":"divorce","status":"publish","type":"page","link":"https:\/\/parrishlg.com\/es\/divorce\/","title":{"rendered":"divorcio"},"content":{"rendered":"<p>[et_pb_section fb_built=&#8221;1&#8243; custom_padding_last_edited=&#8221;on|phone&#8221; next_background_color=&#8221;#ffffff&#8221; _builder_version=&#8221;4.24.2&#8243; _module_preset=&#8221;default&#8221; background_color=&#8221;#081023&#8243; use_background_color_gradient=&#8221;on&#8221; background_color_gradient_direction=&#8221;90deg&#8221; background_color_gradient_stops=&#8221;rgba(0,0,0,0.81) 0%|rgba(0,0,0,0.87) 100%&#8221; background_color_gradient_overlays_image=&#8221;on&#8221; background_image=&#8221;https:\/\/parrishlg.com\/wp-content\/uploads\/2024\/03\/432743-1.jpg&#8221; custom_padding=&#8221;130px||170px||false|false&#8221; custom_padding_tablet=&#8221;60px||95px||false|false&#8221; custom_padding_phone=&#8221;40px||55px||false|false&#8221; bottom_divider_style=&#8221;triangle&#8221; bottom_divider_height=&#8221;27px&#8221; global_colors_info=&#8221;{}&#8221;][et_pb_row _builder_version=&#8221;4.23.1&#8243; _module_preset=&#8221;default&#8221; global_colors_info=&#8221;{}&#8221;][et_pb_column type=&#8221;4_4&#8243; _builder_version=&#8221;4.23.1&#8243; _module_preset=&#8221;default&#8221; global_colors_info=&#8221;{}&#8221;][et_pb_text _builder_version=&#8221;4.24.2&#8243; _module_preset=&#8221;default&#8221; header_font=&#8221;|800||on|||||&#8221; header_font_size=&#8221;80px&#8221; text_orientation=&#8221;center&#8221; background_layout=&#8221;dark&#8221; custom_margin=&#8221;||-64px||false|false&#8221; header_font_size_tablet=&#8221;55px&#8221; header_font_size_phone=&#8221;45px&#8221; header_font_size_last_edited=&#8221;on|phone&#8221; global_colors_info=&#8221;{}&#8221;]<\/p>\n<h1>divorcio<\/h1>\n<p>[\/et_pb_text][et_pb_text _builder_version=&#8221;4.24.2&#8243; _module_preset=&#8221;default&#8221; text_font=&#8221;|800|||||||&#8221; text_text_color=&#8221;RGBA(255,255,255,0)&#8221; text_font_size=&#8221;150px&#8221; text_orientation=&#8221;center&#8221; filter_opacity=&#8221;9%&#8221; text_font_size_tablet=&#8221;136px&#8221; text_font_size_phone=&#8221;68px&#8221; text_font_size_last_edited=&#8221;on|phone&#8221; global_colors_info=&#8221;{}&#8221;]<span style=\"-webkit-text-stroke: 1px #fff;\">FAMILIA<\/span>[\/et_pb_text][\/et_pb_column][\/et_pb_row][\/et_pb_section][et_pb_section fb_built=&#8221;1&#8243; _builder_version=&#8221;4.23.1&#8243; _module_preset=&#8221;default&#8221; custom_padding=&#8221;100px||100px||false|false&#8221; global_colors_info=&#8221;{}&#8221;][et_pb_row column_structure=&#8221;1_2,1_2&#8243; make_equal=&#8221;on&#8221; _builder_version=&#8221;4.24.2&#8243; _module_preset=&#8221;default&#8221; max_width=&#8221;2560px&#8221; global_colors_info=&#8221;{}&#8221;][et_pb_column type=&#8221;1_2&#8243; _builder_version=&#8221;4.23.1&#8243; _module_preset=&#8221;default&#8221; custom_padding=&#8221;60px||60px||true|false&#8221; custom_padding_tablet=&#8221;0px||0px||true|false&#8221; custom_padding_phone=&#8221;0px||0px||true|false&#8221; custom_padding_last_edited=&#8221;on|tablet&#8221; global_colors_info=&#8221;{}&#8221;][et_pb_text _builder_version=&#8221;4.24.2&#8243; _module_preset=&#8221;default&#8221; header_2_font=&#8221;|800||on|||||&#8221; header_2_font_size=&#8221;48px&#8221; header_2_font_size_tablet=&#8221;40px&#8221; header_2_font_size_phone=&#8221;30px&#8221; header_2_font_size_last_edited=&#8221;on|phone&#8221; locked=&#8221;off&#8221; global_colors_info=&#8221;{}&#8221;]<\/p>\n<h2>divorcio<\/h2>\n<p>[\/et_pb_text][et_pb_text _builder_version=&#8221;4.24.2&#8243; _module_preset=&#8221;default&#8221; text_font=&#8221;||||||||&#8221; text_text_color=&#8221;#081023&#8243; text_font_size=&#8221;17px&#8221; text_line_height=&#8221;1.5em&#8221; background_layout=&#8221;dark&#8221; width=&#8221;97%&#8221; hover_enabled=&#8221;0&#8243; global_colors_info=&#8221;{}&#8221; sticky_enabled=&#8221;0&#8243;]At Parrish Law Group, we understand that divorce is a difficult situation.  It becomes even more complicated when the issues of custody, visitation, and division of assets are involved.  <\/p>\n<p>La ley y los procedimientos judiciales son complejos, por lo que debe comunicarse con un abogado de Parrish Law Group.<\/p>\n<p>El abogado Parrish ha manejado cientos de casos de derecho familiar, litigando todos los asuntos relacionados con el divorcio, incluidos, entre otros: custodia de los hijos, visitas, manutenci\u00f3n de los hijos, atrasos en la manutenci\u00f3n de los hijos, divisi\u00f3n de deudas matrimoniales, divisi\u00f3n de bienes inmuebles (incluyendo casas y terrenos), divisi\u00f3n de bienes personales, divisi\u00f3n de cuentas de jubilaci\u00f3n, divisi\u00f3n de negocios y manutenci\u00f3n conyugal.<\/p>\n<p>En Parrish Law Group nuestro enfoque est\u00e1 en el cliente.  Defendemos con celo y \u00e9xito a cada uno de nuestros clientes.  Ayudamos a nuestros clientes en cada etapa del divorcio, incluso antes de la presentaci\u00f3n de la demanda de divorcio, la mediaci\u00f3n, el litigio del caso y la emisi\u00f3n de la sentencia final.  <\/p>\n<p>En Parrish Law Group buscamos estrategias creativas para obtener el resultado deseado de nuestros clientes.  Ya sea que su caso no sea impugnado o tenga alto conflicto, tenga la seguridad de que los abogados de Parrish Law Group lo guiar\u00e1 a trav\u00e9s de este proceso dif\u00edcil.<br \/>\n[\/et_pb_text][\/et_pb_column][et_pb_column type=&#8221;1_2&#8243; _builder_version=&#8221;4.24.2&#8243; _module_preset=&#8221;default&#8221; background_image=&#8221;https:\/\/parrishlg.com\/wp-content\/uploads\/2024\/03\/7xm.xyz685413.jpg&#8221; background_position=&#8221;center_right&#8221; background_horizontal_offset=&#8221;34%&#8221; border_radii=&#8221;on|22px|22px|22px|22px&#8221; global_colors_info=&#8221;{}&#8221;][et_pb_image src=&#8221;https:\/\/parrishlg.com\/wp-content\/uploads\/2024\/03\/7xm.xyz685413.jpg&#8221; disabled_on=&#8221;off|off|on&#8221; _builder_version=&#8221;4.24.2&#8243; _module_preset=&#8221;default&#8221; global_colors_info=&#8221;{}&#8221;][\/et_pb_image][\/et_pb_column][\/et_pb_row][\/et_pb_section][et_pb_section fb_built=&#8221;1&#8243; custom_padding_last_edited=&#8221;on|tablet&#8221; _builder_version=&#8221;4.24.2&#8243; _module_preset=&#8221;default&#8221; background_color=&#8221;#f6f7fa&#8221; use_background_color_gradient=&#8221;on&#8221; background_color_gradient_stops=&#8221;#f6f7fa 49%|rgba(41,196,169,0) 100%&#8221; background_color_gradient_overlays_image=&#8221;on&#8221; background_image=&#8221;http:\/\/vu.com.pk\/Jankan\/wp-content\/uploads\/2024\/01\/New-Project.png&#8221; parallax=&#8221;on&#8221; custom_padding=&#8221;100px||100px||false|false&#8221; custom_padding_tablet=&#8221;60px||60px||true|false&#8221; custom_padding_phone=&#8221;60px||60px||true|false&#8221; locked=&#8221;off&#8221; global_colors_info=&#8221;{}&#8221;][et_pb_row make_equal=&#8221;on&#8221; _builder_version=&#8221;4.24.2&#8243; _module_preset=&#8221;default&#8221; global_colors_info=&#8221;{}&#8221;][et_pb_column type=&#8221;4_4&#8243; _builder_version=&#8221;4.24.2&#8243; _module_preset=&#8221;default&#8221; custom_padding=&#8221;0px||0px||true|false&#8221; custom_padding_tablet=&#8221;0px||0px||true|false&#8221; custom_padding_phone=&#8221;0px||0px||true|false&#8221; custom_padding_last_edited=&#8221;off|desktop&#8221; global_colors_info=&#8221;{}&#8221;][et_pb_text _builder_version=&#8221;4.24.2&#8243; _module_preset=&#8221;default&#8221; header_2_font=&#8221;|800||on|||||&#8221; header_2_font_size=&#8221;48px&#8221; header_2_font_size_tablet=&#8221;40px&#8221; header_2_font_size_phone=&#8221;30px&#8221; header_2_font_size_last_edited=&#8221;on|phone&#8221; locked=&#8221;off&#8221; global_colors_info=&#8221;{}&#8221;]<\/p>\n<h2>Programe una consulta <\/h2>\n<p>[\/et_pb_text][et_pb_text _builder_version=&#8221;4.24.2&#8243; _module_preset=&#8221;default&#8221; text_font=&#8221;|600|||||||&#8221; text_text_color=&#8221;#081023&#8243; text_font_size=&#8221;17px&#8221; text_line_height=&#8221;1.5em&#8221; background_layout=&#8221;dark&#8221; width=&#8221;97%&#8221; locked=&#8221;off&#8221; global_colors_info=&#8221;{}&#8221;]If you or a loved one need assistance with divorce, paternity, custody, visitation, child support or other family law matter, it is important to act quickly. Contact Parrish Law Group to schedule a consultation where we can discuss the specifics of your case, answer your questions, and develop a legal strategy. Our goal is to alleviate your concerns, guide you through the legal process and stand by your side as a fierce advocate.[\/et_pb_text][et_pb_button button_url=&#8221;@ET-DC@eyJkeW5hbWljIjp0cnVlLCJjb250ZW50IjoicG9zdF9saW5rX3VybF9wYWdlIiwic2V0dGluZ3MiOnsicG9zdF9pZCI6IjIxIn19@&#8221; button_text=&#8221;Let&#8217;s Get Started&#8221; _builder_version=&#8221;4.24.2&#8243; _dynamic_attributes=&#8221;button_url&#8221; _module_preset=&#8221;default&#8221; custom_button=&#8221;on&#8221; button_text_size=&#8221;18px&#8221; button_text_color=&#8221;#000000&#8243; button_bg_color=&#8221;RGBA(255,255,255,0)&#8221; button_border_width=&#8221;2px&#8221; button_border_color=&#8221;#000000&#8243; button_font=&#8221;|600||on|||||&#8221; custom_padding=&#8221;12px|46px|12px|46px|true|true&#8221; button_text_size_tablet=&#8221;16px&#8221; button_text_size_phone=&#8221;15px&#8221; button_text_size_last_edited=&#8221;on|phone&#8221; locked=&#8221;off&#8221; global_colors_info=&#8221;{}&#8221; button_bg_color__hover_enabled=&#8221;on|hover&#8221; button_bg_color__hover=&#8221;#223e77&#8243; button_bg_enable_color__hover=&#8221;on&#8221; button_text_color__hover_enabled=&#8221;on|desktop&#8221; button_text_color__hover=&#8221;#FFFFFF&#8221; button_border_color__hover_enabled=&#8221;on|hover&#8221; button_border_color__hover=&#8221;#223e77&#8243;][\/et_pb_button][\/et_pb_column][\/et_pb_row][\/et_pb_section][et_pb_section fb_built=&#8221;1&#8243; _builder_version=&#8221;4.24.2&#8243; _module_preset=&#8221;default&#8221; background_color=&#8221;#f6f7fa&#8221; custom_padding=&#8221;0px||0px||true|false&#8221; global_module=&#8221;397&#8243; saved_tabs=&#8221;all&#8221; global_colors_info=&#8221;{}&#8221;][et_pb_row column_structure=&#8221;1_5,1_5,1_5,1_5,1_5&#8243; use_custom_gutter=&#8221;on&#8221; gutter_width=&#8221;1&#8243; _builder_version=&#8221;4.24.2&#8243; _module_preset=&#8221;default&#8221; width=&#8221;100%&#8221; width_tablet=&#8221;85%&#8221; width_phone=&#8221;60%&#8221; width_last_edited=&#8221;on|phone&#8221; max_width=&#8221;2560px&#8221; global_colors_info=&#8221;{}&#8221;][et_pb_column type=&#8221;1_5&#8243; _builder_version=&#8221;4.24.2&#8243; _module_preset=&#8221;default&#8221; custom_padding_tablet=&#8221;0px||30px||false|false&#8221; custom_padding_phone=&#8221;0px||30px||false|false&#8221; custom_padding_last_edited=&#8221;on|tablet&#8221; global_colors_info=&#8221;{}&#8221;][et_pb_image src=&#8221;https:\/\/parrishlg.com\/wp-content\/uploads\/2024\/03\/oba-logo-1.png&#8221; align=&#8221;center&#8221; _builder_version=&#8221;4.24.2&#8243; _module_preset=&#8221;default&#8221; width=&#8221;37%&#8221; width_tablet=&#8221;38%&#8221; width_phone=&#8221;42%&#8221; width_last_edited=&#8221;on|phone&#8221; global_colors_info=&#8221;{}&#8221;][\/et_pb_image][\/et_pb_column][et_pb_column type=&#8221;1_5&#8243; _builder_version=&#8221;4.24.2&#8243; _module_preset=&#8221;default&#8221; custom_padding_tablet=&#8221;0px||30px||false|false&#8221; custom_padding_phone=&#8221;0px||30px||false|false&#8221; custom_padding_last_edited=&#8221;on|tablet&#8221; global_colors_info=&#8221;{}&#8221;][et_pb_image src=&#8221;https:\/\/parrishlg.com\/wp-content\/uploads\/2024\/03\/81740336078662-2-1.png&#8221; align=&#8221;center&#8221; _builder_version=&#8221;4.24.2&#8243; _module_preset=&#8221;default&#8221; width=&#8221;33%&#8221; width_tablet=&#8221;38%&#8221; width_phone=&#8221;42%&#8221; width_last_edited=&#8221;on|phone&#8221; global_colors_info=&#8221;{}&#8221;][\/et_pb_image][\/et_pb_column][et_pb_column type=&#8221;1_5&#8243; _builder_version=&#8221;4.24.2&#8243; _module_preset=&#8221;default&#8221; custom_padding_tablet=&#8221;||30px||false|false&#8221; custom_padding_phone=&#8221;||30px||false|false&#8221; custom_padding_last_edited=&#8221;on|tablet&#8221; global_colors_info=&#8221;{}&#8221;][et_pb_image src=&#8221;https:\/\/parrishlg.com\/wp-content\/uploads\/2024\/03\/ABA_Member2024-1.png&#8221; align=&#8221;center&#8221; _builder_version=&#8221;4.24.2&#8243; _module_preset=&#8221;default&#8221; width=&#8221;57%&#8221; width_tablet=&#8221;95%&#8221; width_phone=&#8221;87%&#8221; width_last_edited=&#8221;on|phone&#8221; custom_margin=&#8221;10px||||false|false&#8221; global_colors_info=&#8221;{}&#8221;][\/et_pb_image][\/et_pb_column][et_pb_column type=&#8221;1_5&#8243; _builder_version=&#8221;4.24.2&#8243; _module_preset=&#8221;default&#8221; custom_padding_tablet=&#8221;||30px||false|false&#8221; custom_padding_phone=&#8221;||30px||false|false&#8221; custom_padding_last_edited=&#8221;on|phone&#8221; global_colors_info=&#8221;{}&#8221;][et_pb_image src=&#8221;https:\/\/parrishlg.com\/wp-content\/uploads\/2024\/03\/getbadge-1-1.png&#8221; align=&#8221;center&#8221; _builder_version=&#8221;4.24.2&#8243; _module_preset=&#8221;default&#8221; width=&#8221;31%&#8221; width_tablet=&#8221;43%&#8221; width_phone=&#8221;39%&#8221; width_last_edited=&#8221;on|phone&#8221; global_colors_info=&#8221;{}&#8221;][\/et_pb_image][\/et_pb_column][et_pb_column type=&#8221;1_5&#8243; _builder_version=&#8221;4.24.2&#8243; _module_preset=&#8221;default&#8221; global_colors_info=&#8221;{}&#8221;][et_pb_image src=&#8221;https:\/\/parrishlg.com\/wp-content\/uploads\/2024\/03\/Tulsa-County-1.png&#8221; align=&#8221;center&#8221; _builder_version=&#8221;4.24.2&#8243; _module_preset=&#8221;default&#8221; width=&#8221;30%&#8221; width_tablet=&#8221;40%&#8221; width_phone=&#8221;36%&#8221; width_last_edited=&#8221;on|phone&#8221; global_colors_info=&#8221;{}&#8221;][\/et_pb_image][\/et_pb_column][\/et_pb_row][\/et_pb_section]<\/p>","protected":false},"excerpt":{"rendered":"<p>DivorceFAMILYDivorceAt Parrish Law Group, we understand that divorce is a difficult situation. It becomes even more complicated when the issues of custody, visitation, and division of assets are involved. The law and courtroom procedures are complex, which is why you should contact an attorney at Parrish Law Group. Mr. Parrish has handled hundreds of family [&hellip;]<\/p>","protected":false},"author":1,"featured_media":0,"parent":0,"menu_order":0,"comment_status":"closed","ping_status":"closed","template":"","meta":{"_et_pb_use_builder":"on","_et_pb_old_content":"<!-- wp:divi\/placeholder \/-->","_et_gb_content_width":"","footnotes":""},"class_list":["post-228","page","type-page","status-publish","hentry"],"_links":{"self":[{"href":"https:\/\/parrishlg.com\/es\/wp-json\/wp\/v2\/pages\/228"}],"collection":[{"href":"https:\/\/parrishlg.com\/es\/wp-json\/wp\/v2\/pages"}],"about":[{"href":"https:\/\/parrishlg.com\/es\/wp-json\/wp\/v2\/types\/page"}],"author":[{"embeddable":true,"href":"https:\/\/parrishlg.com\/es\/wp-json\/wp\/v2\/users\/1"}],"replies":[{"embeddable":true,"href":"https:\/\/parrishlg.com\/es\/wp-json\/wp\/v2\/comments?post=228"}],"version-history":[{"count":5,"href":"https:\/\/parrishlg.com\/es\/wp-json\/wp\/v2\/pages\/228\/revisions"}],"predecessor-version":[{"id":518,"href":"https:\/\/parrishlg.com\/es\/wp-json\/wp\/v2\/pages\/228\/revisions\/518"}],"wp:attachment":[{"href":"https:\/\/parrishlg.com\/es\/wp-json\/wp\/v2\/media?parent=228"}],"curies":[{"name":"wp","href":"https:\/\/api.w.org\/{rel}","templated":true}]}}